{"id":68,"date":"2025-03-20T17:14:56","date_gmt":"2025-03-20T17:14:56","guid":{"rendered":"https:\/\/nbti.eu\/?page_id=68"},"modified":"2025-10-17T13:03:21","modified_gmt":"2025-10-17T12:03:21","slug":"about-us","status":"publish","type":"page","link":"https:\/\/nbti.eu\/es\/about-us\/","title":{"rendered":"Qui\u00e9nes somos"},"content":{"rendered":"<div data-elementor-type=\"wp-page\" data-elementor-id=\"68\" class=\"elementor elementor-68\" data-elementor-post-type=\"page\">\n\t\t\t\t<div class=\"elementor-element elementor-element-c38afe4 e-flex e-con-boxed e-con e-parent\" data-id=\"c38afe4\" data-element_type=\"container\" data-e-type=\"container\">\n\t\t\t\t\t<div class=\"e-con-inner\">\n\t\t\t\t<div class=\"elementor-element elementor-element-97d2850 elementor-widget elementor-widget-image\" data-id=\"97d2850\" data-element_type=\"widget\" data-e-type=\"widget\" data-widget_type=\"image.default\">\n\t\t\t\t<div class=\"elementor-widget-container\">\n\t\t\t\t\t\t\t\t\t\t\t\t\t\t\t<img decoding=\"async\" width=\"300\" height=\"140\" src=\"https:\/\/nbti.eu\/wp-content\/uploads\/2025\/03\/Erasmus-logo-300x140.webp\" class=\"attachment-medium size-medium wp-image-697\" alt=\"Erasmus Logo\" srcset=\"https:\/\/nbti.eu\/wp-content\/uploads\/2025\/03\/Erasmus-logo-300x140.webp 300w, https:\/\/nbti.eu\/wp-content\/uploads\/2025\/03\/Erasmus-logo-1024x476.webp 1024w, https:\/\/nbti.eu\/wp-content\/uploads\/2025\/03\/Erasmus-logo-768x357.png 768w, https:\/\/nbti.eu\/wp-content\/uploads\/2025\/03\/Erasmus-logo.webp 1096w\" sizes=\"(max-width: 300px) 100vw, 300px\" \/>\t\t\t\t\t\t\t\t\t\t\t\t\t\t\t<\/div>\n\t\t\t\t<\/div>\n\t\t\t\t<div class=\"elementor-element elementor-element-0d3fc77 elementor-widget__width-initial elementor-widget elementor-widget-text-editor\" data-id=\"0d3fc77\" data-element_type=\"widget\" data-e-type=\"widget\" data-widget_type=\"text-editor.default\">\n\t\t\t\t<div class=\"elementor-widget-container\">\n\t\t\t\t\t\t\t\t\t<p>Los fundadores de NBTI vieron en Irlanda la oportunidad de crear un servicio y una experiencia personalizados para los beneficiarios del programa Erasmus+.<\/p>\n<p>National Training Business Institute (NBTI) lleva m\u00e1s de 15 a\u00f1os colaborando estrechamente con instituciones espa\u00f1olas y de la UE a trav\u00e9s de programas europeos. Nuestro equipo ha crecido de forma constante a lo largo de estos a\u00f1os y hemos ampliado nuestras conexiones con estas instituciones gracias a nuestra filosof\u00eda de \"las personas primero\".<\/p>\n<p>Trabajamos con estudiantes de FP, centros de ense\u00f1anza primaria y secundaria y organizaciones sin \u00e1nimo de lucro, principalmente de Espa\u00f1a e Irlanda. Tambi\u00e9n trabajamos con empresas irlandesas que acogen a estudiantes de FP.<\/p>\n<p>NBTI es una empresa que se dedica a ayudar a los estudiantes a encontrar empresas de acogida adecuadas para realizar un curso de formaci\u00f3n de nivel intermedio y a disfrutar de sus pr\u00e1cticas en Irlanda e Irlanda del Norte.<\/p>\n<p>La mayor\u00eda de nuestros clientes est\u00e1n financiados por el programa Erasmus+ de la Uni\u00f3n Europea. Sin embargo, tambi\u00e9n atendemos a centros o estudiantes con financiaci\u00f3n privada.<\/p>\n<p>Erasmus+ es un programa financiado por la Comisi\u00f3n Europea que se centra en las necesidades de ense\u00f1anza y formaci\u00f3n de quienes participan en la Educaci\u00f3n y Formaci\u00f3n Profesionales (EFP). Entre otras cosas, este programa apoya proyectos de movilidad y puede incluir pr\u00e1cticas transnacionales en empresas para personas en el mercado laboral.<\/p>\t\t\t\t\t\t\t\t<\/div>\n\t\t\t\t<\/div>\n\t\t\t\t\t<\/div>\n\t\t\t\t<\/div>\n\t\t\t\t<\/div>","protected":false},"excerpt":{"rendered":"<p>The founders of NBTI saw an opportunity in Ireland to create a customised service and experience for those enjoying the Erasmus+ scheme. National Training Business Institute (NBTI) has been closely working with Spanish and EU institutions through European programmes for more than 15 years. Our dedicated team has grown steadily over those years and we [&hellip;]<\/p>\n","protected":false},"author":1,"featured_media":0,"parent":0,"menu_order":2,"comment_status":"closed","ping_status":"closed","template":"elementor_theme","meta":{"_monsterinsights_skip_tracking":false,"_monsterinsights_sitenote_active":false,"_monsterinsights_sitenote_note":"","_monsterinsights_sitenote_category":0,"footnotes":""},"class_list":["post-68","page","type-page","status-publish","hentry"],"_links":{"self":[{"href":"https:\/\/nbti.eu\/es\/wp-json\/wp\/v2\/pages\/68","targetHints":{"allow":["GET"]}}],"collection":[{"href":"https:\/\/nbti.eu\/es\/wp-json\/wp\/v2\/pages"}],"about":[{"href":"https:\/\/nbti.eu\/es\/wp-json\/wp\/v2\/types\/page"}],"author":[{"embeddable":true,"href":"https:\/\/nbti.eu\/es\/wp-json\/wp\/v2\/users\/1"}],"replies":[{"embeddable":true,"href":"https:\/\/nbti.eu\/es\/wp-json\/wp\/v2\/comments?post=68"}],"version-history":[{"count":55,"href":"https:\/\/nbti.eu\/es\/wp-json\/wp\/v2\/pages\/68\/revisions"}],"predecessor-version":[{"id":1459,"href":"https:\/\/nbti.eu\/es\/wp-json\/wp\/v2\/pages\/68\/revisions\/1459"}],"wp:attachment":[{"href":"https:\/\/nbti.eu\/es\/wp-json\/wp\/v2\/media?parent=68"}],"curies":[{"name":"wp","href":"https:\/\/api.w.org\/{rel}","templated":true}]}}