{"id":37,"date":"2024-11-06T13:25:33","date_gmt":"2024-11-06T13:25:33","guid":{"rendered":"https:\/\/nbti.eu\/?page_id=37"},"modified":"2025-10-23T15:44:20","modified_gmt":"2025-10-23T14:44:20","slug":"testimonials","status":"publish","type":"page","link":"https:\/\/nbti.eu\/es\/testimonials\/","title":{"rendered":"Testimonios"},"content":{"rendered":"<div data-elementor-type=\"wp-page\" data-elementor-id=\"37\" class=\"elementor elementor-37\" data-elementor-post-type=\"page\">\n\t\t\t\t<div class=\"elementor-element elementor-element-48106ca e-flex e-con-boxed e-con e-parent\" data-id=\"48106ca\" data-element_type=\"container\" data-e-type=\"container\">\n\t\t\t\t\t<div class=\"e-con-inner\">\n\t\t\t\t<div class=\"elementor-element elementor-element-96dcb6f elementor-widget elementor-widget-text-editor\" data-id=\"96dcb6f\" data-element_type=\"widget\" data-e-type=\"widget\" data-widget_type=\"text-editor.default\">\n\t\t\t\t<div class=\"elementor-widget-container\">\n\t\t\t\t\t\t\t\t\t<p>Algunos de nuestros estudiantes tuvieron la amabilidad de tomarse el tiempo de grabar sus pensamientos y opiniones sobre sus experiencias aqu\u00ed con NBTI. <strong>\u00a1\u00c9chales un vistazo! \ud83d\ude03<\/strong><\/p>\t\t\t\t\t\t\t\t<\/div>\n\t\t\t\t<\/div>\n\t\t\t\t\t<\/div>\n\t\t\t\t<\/div>\n\t\t<div class=\"elementor-element elementor-element-c5e2e1c e-flex e-con-boxed e-con e-parent\" data-id=\"c5e2e1c\" data-element_type=\"container\" data-e-type=\"container\" data-settings=\"{&quot;background_background&quot;:&quot;classic&quot;}\">\n\t\t\t\t\t<div class=\"e-con-inner\">\n\t\t<div class=\"elementor-element elementor-element-c4dfa25 e-con-full e-flex e-con e-child\" data-id=\"c4dfa25\" data-element_type=\"container\" data-e-type=\"container\">\n\t\t\t\t<div class=\"elementor-element elementor-element-5dd6336 elementor-position-top elementor-widget elementor-widget-image-box\" data-id=\"5dd6336\" data-element_type=\"widget\" data-e-type=\"widget\" data-widget_type=\"image-box.default\">\n\t\t\t\t<div class=\"elementor-widget-container\">\n\t\t\t\t\t<div class=\"elementor-image-box-wrapper\"><figure class=\"elementor-image-box-img\"><img fetchpriority=\"high\" decoding=\"async\" width=\"504\" height=\"378\" src=\"https:\/\/nbti.eu\/wp-content\/uploads\/2025\/10\/Ignacio-Moreno.jpg\" class=\"attachment-full size-full wp-image-1401\" alt=\"Ignacio Moreno\" srcset=\"https:\/\/nbti.eu\/wp-content\/uploads\/2025\/10\/Ignacio-Moreno.jpg 504w, https:\/\/nbti.eu\/wp-content\/uploads\/2025\/10\/Ignacio-Moreno-300x225.jpg 300w, https:\/\/nbti.eu\/wp-content\/uploads\/2025\/10\/Ignacio-Moreno-16x12.jpg 16w\" sizes=\"(max-width: 504px) 100vw, 504px\" \/><\/figure><div class=\"elementor-image-box-content\"><h3 class=\"elementor-image-box-title\">Ignacio Moreno<\/h3><p class=\"elementor-image-box-description\"><b>Cuidad<\/b> Orihuela - Alicante <br>\n\n<b>Curso Profesional:<\/b> TECAF<\/p><\/div><\/div>\t\t\t\t<\/div>\n\t\t\t\t<\/div>\n\t\t\t\t<\/div>\n\t\t<div class=\"elementor-element elementor-element-8c38de0 e-con-full e-flex e-con e-child\" data-id=\"8c38de0\" data-element_type=\"container\" data-e-type=\"container\" data-settings=\"{&quot;background_background&quot;:&quot;classic&quot;}\">\n\t\t\t\t<div class=\"elementor-element elementor-element-7481290 elementor-widget elementor-widget-heading\" data-id=\"7481290\" data-element_type=\"widget\" data-e-type=\"widget\" data-widget_type=\"heading.default\">\n\t\t\t\t<div class=\"elementor-widget-container\">\n\t\t\t\t\t<h2 class=\"elementor-heading-title elementor-size-default\">\"De principio a fin, \u00a1fue una experiencia incre\u00edble! Me permiti\u00f3 aprender, viajar, mejorar mi ingl\u00e9s y conocer gente incre\u00edble.\"<\/h2>\t\t\t\t<\/div>\n\t\t\t\t<\/div>\n\t\t\t\t<div class=\"elementor-element elementor-element-67c8a1d elementor-widget elementor-widget-text-editor\" data-id=\"67c8a1d\" data-element_type=\"widget\" data-e-type=\"widget\" data-widget_type=\"text-editor.default\">\n\t\t\t\t<div class=\"elementor-widget-container\">\n\t\t\t\t\t\t\t\t\t<p>Trabajar en actividades al aire libre ha sido una experiencia inolvidable. Con el apoyo del equipo, pude aprender y poner en pr\u00e1ctica toda mi formaci\u00f3n, sinti\u00e9ndome parte del grupo desde el primer d\u00eda. El ambiente de trabajo era excelente, con un gran trabajo en equipo y todo perfectamente organizado.<\/p><p>El alojamiento era c\u00f3modo y el transporte muy accesible, lo que me permiti\u00f3 viajar y explorar lugares incre\u00edbles como Dubl\u00edn, Belfast, Cork, Limerick y Galway. Tambi\u00e9n hice grandes amigos y me sent\u00ed completamente integrada.<\/p><p>Otro aspecto destacado fue la mejora de mi ingl\u00e9s: Llegu\u00e9 con un nivel b\u00e1sico y me voy con mucha m\u00e1s soltura y confianza. Lo que m\u00e1s valoro de esta experiencia es la cultura, la amabilidad de la gente y todo lo que aprend\u00ed con las actividades al aire libre. Sin duda, es una experiencia que recomendar\u00eda a cualquiera.<\/p>\t\t\t\t\t\t\t\t<\/div>\n\t\t\t\t<\/div>\n\t\t\t\t<\/div>\n\t\t\t\t\t<\/div>\n\t\t\t\t<\/div>\n\t\t<div class=\"elementor-element elementor-element-7b8e2b1 e-flex e-con-boxed e-con e-parent\" data-id=\"7b8e2b1\" data-element_type=\"container\" data-e-type=\"container\" data-settings=\"{&quot;background_background&quot;:&quot;classic&quot;}\">\n\t\t\t\t\t<div class=\"e-con-inner\">\n\t\t<div class=\"elementor-element elementor-element-a0a4245 e-con-full e-flex e-con e-child\" data-id=\"a0a4245\" data-element_type=\"container\" data-e-type=\"container\">\n\t\t\t\t<div class=\"elementor-element elementor-element-13a31b9 elementor-position-top elementor-widget elementor-widget-image-box\" data-id=\"13a31b9\" data-element_type=\"widget\" data-e-type=\"widget\" data-widget_type=\"image-box.default\">\n\t\t\t\t<div class=\"elementor-widget-container\">\n\t\t\t\t\t<div class=\"elementor-image-box-wrapper\"><figure class=\"elementor-image-box-img\"><img decoding=\"async\" width=\"526\" height=\"444\" src=\"https:\/\/nbti.eu\/wp-content\/uploads\/2025\/10\/Alba-Espinosa.jpg\" class=\"attachment-full size-full wp-image-1417\" alt=\"Alba Espinosa\" srcset=\"https:\/\/nbti.eu\/wp-content\/uploads\/2025\/10\/Alba-Espinosa.jpg 526w, https:\/\/nbti.eu\/wp-content\/uploads\/2025\/10\/Alba-Espinosa-300x253.jpg 300w, https:\/\/nbti.eu\/wp-content\/uploads\/2025\/10\/Alba-Espinosa-14x12.jpg 14w\" sizes=\"(max-width: 526px) 100vw, 526px\" \/><\/figure><div class=\"elementor-image-box-content\"><h3 class=\"elementor-image-box-title\">Alba Espinosa<\/h3><p class=\"elementor-image-box-description\"><b>Cuidad<\/b> Crevillente - Alicante<br>\n\n<b>Curso Profesional:<\/b> TECAF<\/p><\/div><\/div>\t\t\t\t<\/div>\n\t\t\t\t<\/div>\n\t\t\t\t<\/div>\n\t\t<div class=\"elementor-element elementor-element-2f852b3 e-con-full e-flex e-con e-child\" data-id=\"2f852b3\" data-element_type=\"container\" data-e-type=\"container\" data-settings=\"{&quot;background_background&quot;:&quot;classic&quot;}\">\n\t\t\t\t<div class=\"elementor-element elementor-element-24b497c elementor-widget elementor-widget-heading\" data-id=\"24b497c\" data-element_type=\"widget\" data-e-type=\"widget\" data-widget_type=\"heading.default\">\n\t\t\t\t<div class=\"elementor-widget-container\">\n\t\t\t\t\t<h2 class=\"elementor-heading-title elementor-size-default\">\"AVENTURA, CRECIMIENTO, \u00a1ESPECTACULAR!\"<\/h2>\t\t\t\t<\/div>\n\t\t\t\t<\/div>\n\t\t\t\t<div class=\"elementor-element elementor-element-c02313f elementor-widget elementor-widget-text-editor\" data-id=\"c02313f\" data-element_type=\"widget\" data-e-type=\"widget\" data-widget_type=\"text-editor.default\">\n\t\t\t\t<div class=\"elementor-widget-container\">\n\t\t\t\t\t\t\t\t\t<p>Al principio, a veces me sent\u00eda un poco ignorado, pero el personal siempre estuvo ah\u00ed para apoyarme cuando lo necesitaba. Durante mi tiempo en la empresa, particip\u00e9 en actividades como kayak, surf y ciclismo de monta\u00f1a. Forj\u00e9 una excelente relaci\u00f3n con mis compa\u00f1eros y mi gerente, y pude poner en pr\u00e1ctica todo lo aprendido.<\/p><p>Tambi\u00e9n tuve la oportunidad de explorar Dubl\u00edn, Galway, Westport, Louisburgh y Cancel Bar. Conoc\u00ed a mucha gente maravillosa, hice amistades duraderas y me sent\u00ed plenamente integrado gracias a la amabilidad de la gente local.<\/p><p>Esta experiencia ha sido una oportunidad incre\u00edble para crecer tanto profesional como personalmente. Vivir sola en otro pa\u00eds, sin saber el idioma, me ret\u00f3 a ser m\u00e1s independiente y segura de mis decisiones.<\/p><p>\u00bfLo repetir\u00eda? \u00a1Claro que s\u00ed! Pienso volver.<\/p>\t\t\t\t\t\t\t\t<\/div>\n\t\t\t\t<\/div>\n\t\t\t\t<\/div>\n\t\t\t\t\t<\/div>\n\t\t\t\t<\/div>\n\t\t<div class=\"elementor-element elementor-element-4d58854 e-flex e-con-boxed e-con e-parent\" data-id=\"4d58854\" data-element_type=\"container\" data-e-type=\"container\" data-settings=\"{&quot;background_background&quot;:&quot;classic&quot;}\">\n\t\t\t\t\t<div class=\"e-con-inner\">\n\t\t<div class=\"elementor-element elementor-element-ed19e8a e-con-full e-flex e-con e-child\" data-id=\"ed19e8a\" data-element_type=\"container\" data-e-type=\"container\">\n\t\t\t\t<div class=\"elementor-element elementor-element-2bea051 elementor-position-top elementor-widget elementor-widget-image-box\" data-id=\"2bea051\" data-element_type=\"widget\" data-e-type=\"widget\" data-widget_type=\"image-box.default\">\n\t\t\t\t<div class=\"elementor-widget-container\">\n\t\t\t\t\t<div class=\"elementor-image-box-wrapper\"><figure class=\"elementor-image-box-img\"><img decoding=\"async\" width=\"500\" height=\"504\" src=\"https:\/\/nbti.eu\/wp-content\/uploads\/2025\/10\/David-Sanchez.jpg\" class=\"attachment-full size-full wp-image-1424\" alt=\"David Sanchez\" srcset=\"https:\/\/nbti.eu\/wp-content\/uploads\/2025\/10\/David-Sanchez.jpg 500w, https:\/\/nbti.eu\/wp-content\/uploads\/2025\/10\/David-Sanchez-298x300.jpg 298w, https:\/\/nbti.eu\/wp-content\/uploads\/2025\/10\/David-Sanchez-150x150.jpg 150w, https:\/\/nbti.eu\/wp-content\/uploads\/2025\/10\/David-Sanchez-12x12.jpg 12w\" sizes=\"(max-width: 500px) 100vw, 500px\" \/><\/figure><div class=\"elementor-image-box-content\"><h3 class=\"elementor-image-box-title\">David S\u00e1nchez<\/h3><p class=\"elementor-image-box-description\"><b>Cuidad<\/b> Santa Pola - Alicante<br>\n\n<b>Curso Profesional:<\/b> Auxiliar de Farmacia<\/p><\/div><\/div>\t\t\t\t<\/div>\n\t\t\t\t<\/div>\n\t\t\t\t<\/div>\n\t\t<div class=\"elementor-element elementor-element-d35ac22 e-con-full e-flex e-con e-child\" data-id=\"d35ac22\" data-element_type=\"container\" data-e-type=\"container\" data-settings=\"{&quot;background_background&quot;:&quot;classic&quot;}\">\n\t\t\t\t<div class=\"elementor-element elementor-element-6136033 elementor-widget elementor-widget-heading\" data-id=\"6136033\" data-element_type=\"widget\" data-e-type=\"widget\" data-widget_type=\"heading.default\">\n\t\t\t\t<div class=\"elementor-widget-container\">\n\t\t\t\t\t<h2 class=\"elementor-heading-title elementor-size-default\">Nunca olvidar\u00e9 esta brillante experiencia irlandesa que me permiti\u00f3 explorar nuevos lugares, probar actividades emocionantes y conocer gente incre\u00edble.<\/h2>\t\t\t\t<\/div>\n\t\t\t\t<\/div>\n\t\t\t\t<div class=\"elementor-element elementor-element-1273a14 elementor-widget elementor-widget-text-editor\" data-id=\"1273a14\" data-element_type=\"widget\" data-e-type=\"widget\" data-widget_type=\"text-editor.default\">\n\t\t\t\t<div class=\"elementor-widget-container\">\n\t\t\t\t\t\t\t\t\t<p>Mi tiempo en la empresa fue una experiencia de aprendizaje incre\u00edble. Mejor\u00e9 mi ingl\u00e9s, gan\u00e9 independencia y me sent\u00ed completamente integrado en el equipo desde el primer d\u00eda. Tambi\u00e9n tuve la oportunidad de viajar y explorar lugares incre\u00edbles como Belfast, Dubl\u00edn y Galway, incluyendo los acantilados de Moher y la Calzada del Gigante, e hice grandes amigos gracias al programa Erasmus.<\/p><p>Esta experiencia me ayud\u00f3 a crecer y madurar personalmente. Se la recomendar\u00eda a cualquiera que est\u00e9 considerando hacerlo y, sin duda, volver\u00eda a hacerlo. Tambi\u00e9n planeo continuar mis estudios a un nivel superior.<\/p>\t\t\t\t\t\t\t\t<\/div>\n\t\t\t\t<\/div>\n\t\t\t\t<\/div>\n\t\t\t\t\t<\/div>\n\t\t\t\t<\/div>\n\t\t<div class=\"elementor-element elementor-element-a49fe75 e-flex e-con-boxed e-con e-parent\" data-id=\"a49fe75\" data-element_type=\"container\" data-e-type=\"container\" data-settings=\"{&quot;background_background&quot;:&quot;classic&quot;}\">\n\t\t\t\t\t<div class=\"e-con-inner\">\n\t\t<div class=\"elementor-element elementor-element-629a566 e-con-full e-flex e-con e-child\" data-id=\"629a566\" data-element_type=\"container\" data-e-type=\"container\">\n\t\t\t\t<div class=\"elementor-element elementor-element-0bbe959 elementor-position-top elementor-widget elementor-widget-image-box\" data-id=\"0bbe959\" data-element_type=\"widget\" data-e-type=\"widget\" data-widget_type=\"image-box.default\">\n\t\t\t\t<div class=\"elementor-widget-container\">\n\t\t\t\t\t<div class=\"elementor-image-box-wrapper\"><figure class=\"elementor-image-box-img\"><img loading=\"lazy\" decoding=\"async\" width=\"570\" height=\"428\" src=\"https:\/\/nbti.eu\/wp-content\/uploads\/2025\/10\/Rafa-Tarin.jpg\" class=\"attachment-full size-full wp-image-1428\" alt=\"Rafa Tarin\" srcset=\"https:\/\/nbti.eu\/wp-content\/uploads\/2025\/10\/Rafa-Tarin.jpg 570w, https:\/\/nbti.eu\/wp-content\/uploads\/2025\/10\/Rafa-Tarin-300x225.jpg 300w, https:\/\/nbti.eu\/wp-content\/uploads\/2025\/10\/Rafa-Tarin-16x12.jpg 16w\" sizes=\"(max-width: 570px) 100vw, 570px\" \/><\/figure><div class=\"elementor-image-box-content\"><h3 class=\"elementor-image-box-title\">Rafa Tar\u00edn<\/h3><p class=\"elementor-image-box-description\"><b>Cuidad<\/b> Valencia<br>\n\n<b>Curso Profesional:<\/b> TECAF<\/p><\/div><\/div>\t\t\t\t<\/div>\n\t\t\t\t<\/div>\n\t\t\t\t<\/div>\n\t\t<div class=\"elementor-element elementor-element-5d6a7c6 e-con-full e-flex e-con e-child\" data-id=\"5d6a7c6\" data-element_type=\"container\" data-e-type=\"container\" data-settings=\"{&quot;background_background&quot;:&quot;classic&quot;}\">\n\t\t\t\t<div class=\"elementor-element elementor-element-5008e20 elementor-widget elementor-widget-heading\" data-id=\"5008e20\" data-element_type=\"widget\" data-e-type=\"widget\" data-widget_type=\"heading.default\">\n\t\t\t\t<div class=\"elementor-widget-container\">\n\t\t\t\t\t<h2 class=\"elementor-heading-title elementor-size-default\">\"\u00a1Una aventura inolvidable! Explor\u00e9 lugares incre\u00edbles, prob\u00e9 nuevas actividades e hice amigos por el camino.\"<\/h2>\t\t\t\t<\/div>\n\t\t\t\t<\/div>\n\t\t\t\t<div class=\"elementor-element elementor-element-804d1f1 elementor-widget elementor-widget-text-editor\" data-id=\"804d1f1\" data-element_type=\"widget\" data-e-type=\"widget\" data-widget_type=\"text-editor.default\">\n\t\t\t\t<div class=\"elementor-widget-container\">\n\t\t\t\t\t\t\t\t\t<p>Mi tiempo en actividades al aire libre fue una experiencia \u00fanica e incre\u00edblemente gratificante. Particip\u00e9 en kayak en el r\u00edo Shannon, tiro con arco, escalada, carreras de obst\u00e1culos y juegos al aire libre, lo que me ayud\u00f3 a aprender nuevas habilidades y a desarrollar responsabilidad y madurez.<\/p>\n<p>El ambiente de trabajo era incre\u00edble, con compa\u00f1eros siempre amables y comprensivos. \u00a1Volver\u00eda solo por ellos! Tambi\u00e9n viaj\u00e9 y descubr\u00ed lugares incre\u00edbles como Longford, Carrick-on-Shannon y Dubl\u00edn, e hice amigos que compartieron esta aventura conmigo.<\/p>\n<p>Uno de mis mayores logros fue mejorar mi ingl\u00e9s, ganando fluidez y confianza al comunicarme. Sin duda, fue una experiencia que recomendar\u00eda a cualquiera y que sin duda repetir\u00eda.<\/p>\t\t\t\t\t\t\t\t<\/div>\n\t\t\t\t<\/div>\n\t\t\t\t<\/div>\n\t\t\t\t\t<\/div>\n\t\t\t\t<\/div>\n\t\t\t\t<\/div>","protected":false},"excerpt":{"rendered":"<p>Some of our students were good enough to take the time to record their thoughts and opinions about their experiences here with NBTI. Check them out! \ud83d\ude03 Ignacio Moreno City: Orihuela &#8211; Alicante Professional Course: TECAF &#8220;From start to finish, what an amazing experience! It allowed me to learn, travel, improve my English, and meet [&hellip;]<\/p>\n","protected":false},"author":1,"featured_media":0,"parent":0,"menu_order":5,"comment_status":"closed","ping_status":"closed","template":"elementor_theme","meta":{"_monsterinsights_skip_tracking":false,"_monsterinsights_sitenote_active":false,"_monsterinsights_sitenote_note":"","_monsterinsights_sitenote_category":0,"footnotes":""},"class_list":["post-37","page","type-page","status-publish","hentry"],"_links":{"self":[{"href":"https:\/\/nbti.eu\/es\/wp-json\/wp\/v2\/pages\/37","targetHints":{"allow":["GET"]}}],"collection":[{"href":"https:\/\/nbti.eu\/es\/wp-json\/wp\/v2\/pages"}],"about":[{"href":"https:\/\/nbti.eu\/es\/wp-json\/wp\/v2\/types\/page"}],"author":[{"embeddable":true,"href":"https:\/\/nbti.eu\/es\/wp-json\/wp\/v2\/users\/1"}],"replies":[{"embeddable":true,"href":"https:\/\/nbti.eu\/es\/wp-json\/wp\/v2\/comments?post=37"}],"version-history":[{"count":52,"href":"https:\/\/nbti.eu\/es\/wp-json\/wp\/v2\/pages\/37\/revisions"}],"predecessor-version":[{"id":1594,"href":"https:\/\/nbti.eu\/es\/wp-json\/wp\/v2\/pages\/37\/revisions\/1594"}],"wp:attachment":[{"href":"https:\/\/nbti.eu\/es\/wp-json\/wp\/v2\/media?parent=37"}],"curies":[{"name":"wp","href":"https:\/\/api.w.org\/{rel}","templated":true}]}}